{"id":692,"date":"2020-09-04T13:03:14","date_gmt":"2020-09-04T13:03:14","guid":{"rendered":"https:\/\/berghaus-edelhirsch.com\/sample-page\/"},"modified":"2024-04-23T08:22:30","modified_gmt":"2024-04-23T06:22:30","slug":"sample-page","status":"publish","type":"page","link":"https:\/\/berghaus-edelhirsch.com\/it\/","title":{"rendered":"Home"},"content":{"rendered":"\n<h2 class=\"wp-block-heading opening\">Goditi la tua vacanza in una posizione perfetta&#8230;<\/h2>\n\n\n\n<div style=\"height:32px\" aria-hidden=\"true\" class=\"wp-block-spacer\"><\/div>\n\n\n\n<div class=\"wp-block-group subject intro\"><div class=\"wp-block-group__inner-container is-layout-flow wp-block-group-is-layout-flow\">\n<h2 class=\"wp-block-heading\">Benvenuti alle Berghaus Edelhirsch!<\/h2>\n\n\n\n<figure class=\"wp-block-image size-large is-style-default\"><img loading=\"lazy\" decoding=\"async\" width=\"900\" height=\"589\" itemprop=\"image\" src=\"https:\/\/berghaus-edelhirsch.com\/wp-content\/uploads\/2021\/07\/Berghaus-Edelhirsch-en-de-Villacher-Alpenstrasse.jpg\" alt=\"Berghaus Edelhirsch e Villacher Alpenstrasse\" class=\"wp-image-1842\" srcset=\"https:\/\/berghaus-edelhirsch.com\/wp-content\/uploads\/2021\/07\/Berghaus-Edelhirsch-en-de-Villacher-Alpenstrasse.jpg 900w, https:\/\/berghaus-edelhirsch.com\/wp-content\/uploads\/2021\/07\/Berghaus-Edelhirsch-en-de-Villacher-Alpenstrasse-300x196.jpg 300w, https:\/\/berghaus-edelhirsch.com\/wp-content\/uploads\/2021\/07\/Berghaus-Edelhirsch-en-de-Villacher-Alpenstrasse-768x503.jpg 768w\" sizes=\"auto, (max-width: 900px) 100vw, 900px\" \/><\/figure>\n\n\n\n<p>Affittiamo da anni una casa vacanza privata durante le vacanze. Si nota la differenza con un villaggio vacanze, che \u00e8 molto meno decorato personalmente e spesso manca di atmosfera. Ecco perch\u00e9 ora abbiamo la nostra spaziosa villa per le vacanze (120 metri quadrati) per 6 a 8 persone, situata nella parte inferiore del triangolo di confine tra Austria, Italia e Slovenia!<\/p>\n\n\n\n<p>Nella parte anteriore si ha una vista sul massiccio alpino del Villacher e il lato giardino offre una vista sulle Caravanche e sull&#8217;impianto di risalita, che porta alla cima a 1560 metri.<\/p>\n\n\n\n<p>Un luogo dove puoi guadagnare energia in primavera, estate, autunno e inverno essendo attivo attraverso la vasta gamma di attivit\u00e0, o dove puoi rilassarti completamente nella nostra bella casa. E il clima meravigliosamente piacevole.<\/p>\n\n\n\n<p>Un luogo per godere di tutte le cose buone di tre culture, la natura straordinariamente bella, il buon cibo e le bevande, i numerosi laghi, i bellissimi percorsi pedonali e ciclabili e molte cose da scoprire.<\/p>\n\n\n\n<p>La nostra casa di montagna si trova vicino al limitare del bosco. Se vai a fare una passeggiata la sera o la mattina, puoi avvistare regolarmente i cervi!<\/p>\n\n\n\n<p>Insomma, un luogo dove trascorrere una vacanza indimenticabile in coppia, con la famiglia o con buoni amici. Benvenuto!<\/p>\n\n\n\n<div class=\"wp-block-buttons is-layout-flex wp-block-buttons-is-layout-flex\">\n<div class=\"wp-block-button\"><a class=\"wp-block-button__link wp-element-button\" href=\"https:\/\/berghaus-edelhirsch.com\/it\/berghaus-edelhirsch-casa-vacanza-in-carinzia\/\">Tutto sulla nostra villa per le vacanze<\/a><\/div>\n<\/div>\n<\/div><\/div>\n\n\n\n<figure class=\"wp-block-image size-large deer is-style-default\"><img decoding=\"async\" itemprop=\"image\" src=\"https:\/\/berghaus-edelhirsch.com\/wp-content\/uploads\/2021\/03\/logo-berghaus-edelhirsch.svg\" alt=\"logo berghaus edelhirsch\" class=\"wp-image-449\"\/><\/figure>\n\n\n\n<div class=\"wp-block-group subject huis\"><div class=\"wp-block-group__inner-container is-layout-flow wp-block-group-is-layout-flow\">\n<h2 class=\"wp-block-heading\">Servizi nella nostra residenza vacanza carinziana<\/h2>\n\n\n<div class=\"wp-block-image is-style-default\">\n<figure class=\"aligncenter size-large\"><img loading=\"lazy\" decoding=\"async\" width=\"1024\" height=\"426\" itemprop=\"image\" src=\"https:\/\/berghaus-edelhirsch.com\/wp-content\/uploads\/2021\/03\/home-zomer-1024x426.jpg\" alt=\"home zomer\" class=\"wp-image-205\" srcset=\"https:\/\/berghaus-edelhirsch.com\/wp-content\/uploads\/2021\/03\/home-zomer-1024x426.jpg 1024w, https:\/\/berghaus-edelhirsch.com\/wp-content\/uploads\/2021\/03\/home-zomer-300x125.jpg 300w, https:\/\/berghaus-edelhirsch.com\/wp-content\/uploads\/2021\/03\/home-zomer-768x319.jpg 768w, https:\/\/berghaus-edelhirsch.com\/wp-content\/uploads\/2021\/03\/home-zomer.jpg 1200w\" sizes=\"auto, (max-width: 1024px) 100vw, 1024px\" \/><\/figure>\n<\/div>\n\n\n<p>La nostra casa dei sogni \u00e8 stata costruita e arredata con grande cura e un occhio ai dettagli dell&#8217;atmosfera austriaca. Offre molti extra: un comodo riscaldamento a pavimento, completato per l&#8217;atmosfera da una stufa a legna che emana un piacevole calore radiante. La casa in pietra \u00e8 costruita nel modo tradizionale austriaco e quindi ben isolata. Questo assicura che sia meravigliosamente caldo in inverno e rimanga piacevolmente fresco in estate.<\/p>\n\n\n\n<p>La nostra casa vacanze \u00e8 dotata di ogni lusso in cucina e di una Smart TV 4K con Canal Digital e, naturalmente, WiFi e internet gratuito. C&#8217;\u00e8 anche una lavatrice e asciugatrice e un armadio riscaldato per gli sci per asciugare tutte le attrezzature per gli sport invernali.<\/p>\n\n\n\n<p>Nelle camere da letto troverete letti a molle meravigliosamente comodi ei bagni hanno belle docce a pioggia.<\/p>\n\n\n\n<div class=\"wp-block-buttons is-layout-flex wp-block-buttons-is-layout-flex\">\n<div class=\"wp-block-button\"><a class=\"wp-block-button__link wp-element-button\" href=\"https:\/\/berghaus-edelhirsch.com\/it\/servizi-casa-vacanza-in-carinzia\/\">Visualizza tutti i servizi<\/a><\/div>\n<\/div>\n<\/div><\/div>\n\n\n\n<figure class=\"wp-block-image size-large deer is-style-default\"><img decoding=\"async\" itemprop=\"image\" src=\"https:\/\/berghaus-edelhirsch.com\/wp-content\/uploads\/2021\/03\/logo-berghaus-edelhirsch.svg\" alt=\"logo berghaus edelhirsch\" class=\"wp-image-449\"\/><\/figure>\n\n\n\n<div class=\"wp-block-group subject omgeving\"><div class=\"wp-block-group__inner-container is-layout-flow wp-block-group-is-layout-flow\">\n<h2 class=\"wp-block-heading\">La Carinzia \u00e8 divertente tutto l&#8217;anno!<\/h2>\n\n\n<div class=\"wp-block-image is-style-default\">\n<figure class=\"aligncenter size-large\"><img loading=\"lazy\" decoding=\"async\" width=\"1024\" height=\"554\" itemprop=\"image\" src=\"https:\/\/berghaus-edelhirsch.com\/wp-content\/uploads\/2021\/03\/home-winter-1024x554.jpg\" alt=\"home winter\" class=\"wp-image-207\" srcset=\"https:\/\/berghaus-edelhirsch.com\/wp-content\/uploads\/2021\/03\/home-winter-1024x554.jpg 1024w, https:\/\/berghaus-edelhirsch.com\/wp-content\/uploads\/2021\/03\/home-winter-300x162.jpg 300w, https:\/\/berghaus-edelhirsch.com\/wp-content\/uploads\/2021\/03\/home-winter-768x415.jpg 768w, https:\/\/berghaus-edelhirsch.com\/wp-content\/uploads\/2021\/03\/home-winter.jpg 1200w\" sizes=\"auto, (max-width: 1024px) 100vw, 1024px\" \/><\/figure>\n<\/div>\n\n\n<p>La nostra casa \u00e8 situata in una splendida posizione con vista su due catene montuose, il massiccio delle Alpi Villacher e le Caravanche.<\/p>\n\n\n\n<p>La Carinzia \u00e8 una destinazione cos\u00ec fantastica perch\u00e9 puoi godertela in qualsiasi periodo dell&#8217;anno: il clima fantastico sul lato sud delle Alpi (la maggior parte delle ore di sole in Europa!), La vasta gamma di attivit\u00e0 e attrazioni per grandi e piccini, i villaggi suggestivi e ospitali con le loro feste e mercati, le valli fluviali della Drava e del Gail, dove \u00e8 meraviglioso andare in bicicletta e camminare, e le aspre catene montuose e le numerose riserve naturali incontaminate e i laghi di montagna incredibilmente belli.<\/p>\n\n\n\n<p>Nessuno in Carinzia deve annoiarsi! Teniamo un elenco di alcune delle nostre attivit\u00e0 e attrazioni preferite:<\/p>\n\n\n\n<div class=\"wp-block-buttons is-layout-flex wp-block-buttons-is-layout-flex\">\n<div class=\"wp-block-button\"><a class=\"wp-block-button__link wp-element-button\" href=\"https:\/\/berghaus-edelhirsch.com\/it\/attivita-natura-e-cultura-in-tripoint-carinzia\/\">Scopri la natura e le attivit\u00e0<\/a><\/div>\n<\/div>\n<\/div><\/div>\n\n\n\n<figure class=\"wp-block-image size-large deer\"><img decoding=\"async\" itemprop=\"image\" src=\"https:\/\/berghaus-edelhirsch.com\/wp-content\/uploads\/2021\/03\/logo-berghaus-edelhirsch.svg\" alt=\"logo berghaus edelhirsch\" class=\"wp-image-449\"\/><\/figure>\n\n\n\n<div class=\"wp-block-group subject boek\"><div class=\"wp-block-group__inner-container is-layout-flow wp-block-group-is-layout-flow\">\n<h2 class=\"wp-block-heading\">Prenota ora la tua vacanza da sogno!<\/h2>\n\n\n<div class=\"wp-block-image is-style-default\">\n<figure class=\"aligncenter size-large\"><img loading=\"lazy\" decoding=\"async\" width=\"1024\" height=\"633\" itemprop=\"image\" src=\"https:\/\/berghaus-edelhirsch.com\/wp-content\/uploads\/2021\/03\/home-woonkamer-1024x633.jpg\" alt=\"home woonkamer\" class=\"wp-image-208\" srcset=\"https:\/\/berghaus-edelhirsch.com\/wp-content\/uploads\/2021\/03\/home-woonkamer-1024x633.jpg 1024w, https:\/\/berghaus-edelhirsch.com\/wp-content\/uploads\/2021\/03\/home-woonkamer-300x186.jpg 300w, https:\/\/berghaus-edelhirsch.com\/wp-content\/uploads\/2021\/03\/home-woonkamer-768x475.jpg 768w, https:\/\/berghaus-edelhirsch.com\/wp-content\/uploads\/2021\/03\/home-woonkamer.jpg 1200w\" sizes=\"auto, (max-width: 1024px) 100vw, 1024px\" \/><\/figure>\n<\/div>\n\n\n<p>Sei gi\u00e0 in vena di vacanza? Guarda se la nostra bella casa di montagna \u00e8 ancora disponibile per le tue vacanze.<\/p>\n\n\n\n<div class=\"wp-block-buttons is-layout-flex wp-block-buttons-is-layout-flex\">\n<div class=\"wp-block-button\"><a class=\"wp-block-button__link wp-element-button\" href=\"https:\/\/berghaus-edelhirsch.com\/it\/prenota-la-casa-vacanza-in-carinzia\/\">Prenotate subito una vacanza indimenticabile nella Berghaus Edelhirsch<\/a><\/div>\n<\/div>\n<\/div><\/div>\n\n\n\n<figure class=\"wp-block-image size-large deer is-style-default\"><img decoding=\"async\" itemprop=\"image\" src=\"https:\/\/berghaus-edelhirsch.com\/wp-content\/uploads\/2021\/03\/logo-berghaus-edelhirsch.svg\" alt=\"logo berghaus edelhirsch\" class=\"wp-image-449\"\/><\/figure>\n\n\n\n<div class=\"wp-block-group subject vraag\"><div class=\"wp-block-group__inner-container is-layout-flow wp-block-group-is-layout-flow\">\n<h2 class=\"wp-block-heading\">Ci contatti per favore<\/h2>\n\n\n<div class=\"wp-block-image is-style-default\">\n<figure class=\"aligncenter size-large\"><img loading=\"lazy\" decoding=\"async\" width=\"1024\" height=\"517\" itemprop=\"image\" src=\"https:\/\/berghaus-edelhirsch.com\/wp-content\/uploads\/2021\/03\/home-vergezicht-1024x517.jpg\" alt=\"home vergezicht\" class=\"wp-image-209\" srcset=\"https:\/\/berghaus-edelhirsch.com\/wp-content\/uploads\/2021\/03\/home-vergezicht-1024x517.jpg 1024w, https:\/\/berghaus-edelhirsch.com\/wp-content\/uploads\/2021\/03\/home-vergezicht-300x152.jpg 300w, https:\/\/berghaus-edelhirsch.com\/wp-content\/uploads\/2021\/03\/home-vergezicht-768x388.jpg 768w, https:\/\/berghaus-edelhirsch.com\/wp-content\/uploads\/2021\/03\/home-vergezicht.jpg 1200w\" sizes=\"auto, (max-width: 1024px) 100vw, 1024px\" \/><\/figure>\n<\/div>\n\n\n<p>Hai domande sulla nostra casa vacanze, sull&#8217;ambiente e sulle attivit\u00e0 o sulla disponibilit\u00e0? Siamo felici di aiutarvi!<\/p>\n\n\n\n<div class=\"wp-block-buttons is-layout-flex wp-block-buttons-is-layout-flex\">\n<div class=\"wp-block-button\"><a class=\"wp-block-button__link wp-element-button\" href=\"https:\/\/berghaus-edelhirsch.com\/it\/informazioni-di-contatto-casa-vacanza-privata-carinzia\/\">Si prega di contatare Jan e Coty<\/a><\/div>\n<\/div>\n<\/div><\/div>\n\n\n\n<p><\/p>\n","protected":false},"excerpt":{"rendered":"Goditi la tua vacanza in una posizione perfetta&#8230; Benvenuti alle Berghaus Edelhirsch! Affittiamo da anni una casa vacanza privata durante le vacanze. Si nota la differenza con un villaggio vacanze, che \u00e8 molto meno decorato personalmente e spesso manca di atmosfera. Ecco perch\u00e9 ora abbiamo la nostra spaziosa villa per le vacanze (120 metri quadrati)&#8230; <a class=\"view-article\" href=\"https:\/\/berghaus-edelhirsch.com\/it\/\">\u279c Continua a leggere<\/a>","protected":false},"author":2,"featured_media":0,"parent":0,"menu_order":0,"comment_status":"closed","ping_status":"open","template":"page-home.php","meta":{"_seopress_robots_primary_cat":"","_seopress_titles_title":"Benvenuti alla Berghaus Edelhirsch, villa vacanze in Carinzia","_seopress_titles_desc":"Prenota una vacanza indimenticabile nella nostra casa vacanza di lusso e goditi la natura e la cultura nella soleggiata Carinzia vicino all'Italia e Slovenia","_seopress_robots_index":"","footnotes":""},"class_list":["post-692","page","type-page","status-publish","hentry"],"_links":{"self":[{"href":"https:\/\/berghaus-edelhirsch.com\/it\/wp-json\/wp\/v2\/pages\/692","targetHints":{"allow":["GET"]}}],"collection":[{"href":"https:\/\/berghaus-edelhirsch.com\/it\/wp-json\/wp\/v2\/pages"}],"about":[{"href":"https:\/\/berghaus-edelhirsch.com\/it\/wp-json\/wp\/v2\/types\/page"}],"author":[{"embeddable":true,"href":"https:\/\/berghaus-edelhirsch.com\/it\/wp-json\/wp\/v2\/users\/2"}],"replies":[{"embeddable":true,"href":"https:\/\/berghaus-edelhirsch.com\/it\/wp-json\/wp\/v2\/comments?post=692"}],"version-history":[{"count":7,"href":"https:\/\/berghaus-edelhirsch.com\/it\/wp-json\/wp\/v2\/pages\/692\/revisions"}],"predecessor-version":[{"id":1972,"href":"https:\/\/berghaus-edelhirsch.com\/it\/wp-json\/wp\/v2\/pages\/692\/revisions\/1972"}],"wp:attachment":[{"href":"https:\/\/berghaus-edelhirsch.com\/it\/wp-json\/wp\/v2\/media?parent=692"}],"curies":[{"name":"wp","href":"https:\/\/api.w.org\/{rel}","templated":true}]}}