{"id":289,"date":"2020-09-04T13:03:14","date_gmt":"2020-09-04T13:03:14","guid":{"rendered":"https:\/\/berghaus-edelhirsch.com\/privacy-beleid\/"},"modified":"2021-03-25T17:09:03","modified_gmt":"2021-03-25T16:09:03","slug":"informativa-sulla-privacy","status":"publish","type":"page","link":"https:\/\/berghaus-edelhirsch.com\/it\/informativa-sulla-privacy\/","title":{"rendered":"L&#8217;informativa sulla privacy"},"content":{"rendered":"\n<h1 class=\"wp-block-heading\">L&#8217;informativa sulla privacy<\/h1>\n\n\n\n<figure class=\"wp-block-image size-full\"><img loading=\"lazy\" decoding=\"async\" width=\"1200\" height=\"762\" itemprop=\"image\" src=\"https:\/\/berghaus-edelhirsch.com\/wp-content\/uploads\/2021\/03\/privacy-beleid-berghaus-edelhirsch.jpg\" alt=\"privacy beleid berghaus edelhirsch\" class=\"wp-image-604\" title=\"img-shadow\" srcset=\"https:\/\/berghaus-edelhirsch.com\/wp-content\/uploads\/2021\/03\/privacy-beleid-berghaus-edelhirsch.jpg 1200w, https:\/\/berghaus-edelhirsch.com\/wp-content\/uploads\/2021\/03\/privacy-beleid-berghaus-edelhirsch-300x191.jpg 300w, https:\/\/berghaus-edelhirsch.com\/wp-content\/uploads\/2021\/03\/privacy-beleid-berghaus-edelhirsch-1024x650.jpg 1024w, https:\/\/berghaus-edelhirsch.com\/wp-content\/uploads\/2021\/03\/privacy-beleid-berghaus-edelhirsch-768x488.jpg 768w\" sizes=\"auto, (max-width: 1200px) 100vw, 1200px\" \/><\/figure>\n\n\n\n<div class=\"wp-block-group subject privacy\"><div class=\"wp-block-group__inner-container is-layout-flow wp-block-group-is-layout-flow\">\n<h2 class=\"wp-block-heading\">Quali dati personali raccogliamo e perch\u00e9<\/h2>\n\n\n\n<h3 class=\"wp-block-heading\">Prenotazione e prenotazione<\/h3>\n\n\n\n<p>Se richiedi una prenotazione con noi e paghi una prenotazione, conserveremo i tuoi dati per la nostra amministrazione.<\/p>\n\n\n\n<h3 class=\"wp-block-heading\">Statistiche<\/h3>\n\n\n\n<p>Raccogliamo statistiche anonime dai nostri visitatori al fine di personalizzare il sito web nel miglior modo possibile per un utilizzo piacevole.<\/p>\n\n\n\n<h3 class=\"wp-block-heading\">Cookies<\/h3>\n\n\n\n<p>Il nostro sito Web memorizza i cookie temporanei nella cache del browser (memoria temporanea). Questo \u00e8 necessario per le prenotazioni e le prenotazioni, per tenere statistiche, ma soprattutto per garantire che il sito web sia il pi\u00f9 veloce possibile. Non scaricando tutti i file per ogni pagina, il sito web si carica molto pi\u00f9 velocemente. Questa \u00e8 una pratica standard con quasi tutti i siti web che visiti.<\/p>\n<\/div><\/div>\n\n\n\n<div class=\"wp-block-group subject privacy\"><div class=\"wp-block-group__inner-container is-layout-flow wp-block-group-is-layout-flow\">\n<h2 class=\"wp-block-heading\">Con chi condividiamo i tuoi dati<\/h2>\n\n\n\n<p>I tuoi dati di pagamento sono archiviati presso Mollie, un sistema di pagamento che deve soddisfare gli stessi severi requisiti delle banche.<\/p>\n\n\n\n<p>Le statistiche dei visitatori vengono raccolte in forma anonima da Google (Google Analytics).<\/p>\n<\/div><\/div>\n\n\n\n<div class=\"wp-block-group subject privacy\"><div class=\"wp-block-group__inner-container is-layout-flow wp-block-group-is-layout-flow\">\n<h2 class=\"wp-block-heading\">Per quanto tempo conserviamo i tuoi dati<\/h2>\n\n\n\n<p>Fondamentalmente infinito.<\/p>\n<\/div><\/div>\n\n\n\n<div class=\"wp-block-group subject privacy\"><div class=\"wp-block-group__inner-container is-layout-flow wp-block-group-is-layout-flow\">\n<h2 class=\"wp-block-heading\">Quali diritti hai sui tuoi dati<\/h2>\n\n\n\n<p>Puoi opporti alla memorizzazione dei tuoi dati se ritieni problematico che questi dati vengano conservati dopo una prenotazione. Su tua richiesta, lo elimineremo non appena non sar\u00e0 pi\u00f9 necessario tenerlo a disposizione per scopi legali amministrativi (per le autorit\u00e0 fiscali).<\/p>\n<\/div><\/div>\n\n\n\n<div class=\"wp-block-group subject privacy\"><div class=\"wp-block-group__inner-container is-layout-flow wp-block-group-is-layout-flow\">\n<h2 class=\"wp-block-heading\">Come proteggiamo i tuoi dati<\/h2>\n\n\n\n<p>Il nostro sito Web (incluso il sistema di hosting sottostante) \u00e8 molto ben protetto, incluso il certificato SSL, ed \u00e8 mantenuto in modo permanente. La possibilit\u00e0 di falle nella sicurezza \u00e8 cos\u00ec ridotta al minimo.<\/p>\n<\/div><\/div>\n","protected":false},"excerpt":{"rendered":"L&#8217;informativa sulla privacy Quali dati personali raccogliamo e perch\u00e9 Prenotazione e prenotazione Se richiedi una prenotazione con noi e paghi una prenotazione, conserveremo i tuoi dati per la nostra amministrazione. Statistiche Raccogliamo statistiche anonime dai nostri visitatori al fine di personalizzare il sito web nel miglior modo possibile per un utilizzo piacevole. Cookies Il nostro&#8230; <a class=\"view-article\" href=\"https:\/\/berghaus-edelhirsch.com\/it\/informativa-sulla-privacy\/\">\u279c Continua a leggere<\/a>","protected":false},"author":2,"featured_media":0,"parent":0,"menu_order":0,"comment_status":"closed","ping_status":"open","template":"","meta":{"_seopress_robots_primary_cat":"","_seopress_titles_title":"","_seopress_titles_desc":"","_seopress_robots_index":"","footnotes":""},"class_list":["post-289","page","type-page","status-publish","hentry"],"_links":{"self":[{"href":"https:\/\/berghaus-edelhirsch.com\/it\/wp-json\/wp\/v2\/pages\/289","targetHints":{"allow":["GET"]}}],"collection":[{"href":"https:\/\/berghaus-edelhirsch.com\/it\/wp-json\/wp\/v2\/pages"}],"about":[{"href":"https:\/\/berghaus-edelhirsch.com\/it\/wp-json\/wp\/v2\/types\/page"}],"author":[{"embeddable":true,"href":"https:\/\/berghaus-edelhirsch.com\/it\/wp-json\/wp\/v2\/users\/2"}],"replies":[{"embeddable":true,"href":"https:\/\/berghaus-edelhirsch.com\/it\/wp-json\/wp\/v2\/comments?post=289"}],"version-history":[{"count":3,"href":"https:\/\/berghaus-edelhirsch.com\/it\/wp-json\/wp\/v2\/pages\/289\/revisions"}],"predecessor-version":[{"id":741,"href":"https:\/\/berghaus-edelhirsch.com\/it\/wp-json\/wp\/v2\/pages\/289\/revisions\/741"}],"wp:attachment":[{"href":"https:\/\/berghaus-edelhirsch.com\/it\/wp-json\/wp\/v2\/media?parent=289"}],"curies":[{"name":"wp","href":"https:\/\/api.w.org\/{rel}","templated":true}]}}