{"id":662,"date":"2021-03-18T12:07:22","date_gmt":"2021-03-18T11:07:22","guid":{"rendered":"https:\/\/berghaus-edelhirsch.com\/voorzieningen\/"},"modified":"2021-04-13T15:27:20","modified_gmt":"2021-04-13T13:27:20","slug":"einrichtungen-ferienhaus-in-kaernten","status":"publish","type":"page","link":"https:\/\/berghaus-edelhirsch.com\/de\/einrichtungen-ferienhaus-in-kaernten\/","title":{"rendered":"Einrichtungen"},"content":{"rendered":"\n<figure class=\"wp-block-image size-full img-shadow\"><img loading=\"lazy\" decoding=\"async\" width=\"1200\" height=\"603\" itemprop=\"image\" src=\"https:\/\/berghaus-edelhirsch.com\/wp-content\/uploads\/2021\/03\/nockalm-strasse-berghaus-edelhirsch.jpg\" alt=\"nockalm strasse berghaus edelhirsch\" class=\"wp-image-586\" srcset=\"https:\/\/berghaus-edelhirsch.com\/wp-content\/uploads\/2021\/03\/nockalm-strasse-berghaus-edelhirsch.jpg 1200w, https:\/\/berghaus-edelhirsch.com\/wp-content\/uploads\/2021\/03\/nockalm-strasse-berghaus-edelhirsch-300x151.jpg 300w, https:\/\/berghaus-edelhirsch.com\/wp-content\/uploads\/2021\/03\/nockalm-strasse-berghaus-edelhirsch-1024x515.jpg 1024w, https:\/\/berghaus-edelhirsch.com\/wp-content\/uploads\/2021\/03\/nockalm-strasse-berghaus-edelhirsch-768x386.jpg 768w\" sizes=\"auto, (max-width: 1200px) 100vw, 1200px\" \/><\/figure>\n\n\n\n<div class=\"wp-block-group subject voorzieningen\"><div class=\"wp-block-group__inner-container is-layout-flow wp-block-group-is-layout-flow\">\n<h1 class=\"wp-block-heading\">Einrichtungen der Ferien Chalet<\/h1>\n\n\n\n<p>Unserer Ferienchalet ist mit allem modernen Luxus und Komfort ausgestattet. Nachfolgend finden Sie eine umfangreiche Liste. Wenn Sie Fragen haben, z\u00f6gern Sie bitte nicht, uns zu <a href=\"https:\/\/berghaus-edelhirsch.com\/de\/kontaktinformationen-privat-ferienhaus-kaernten\/\" data-type=\"page\" data-id=\"665\">kontaktieren<\/a>!<\/p>\n\n\n\n<table id=\"tablepress-8\" class=\"tablepress tablepress-id-8 tbody-has-connected-cells\">\n<tbody>\n<tr class=\"row-1\">\n\t<td class=\"column-1\"><i class=\"fal fa-users\"><\/i><br \/>\n<\/td><td class=\"column-2\">6-8 G\u00e4ste<\/td><td class=\"column-3\"><i class=\"fal fa-home-lg-alt\"><\/i><\/td><td class=\"column-4\">120 m<sup>2<\/sup><\/td>\n<\/tr>\n<tr class=\"row-2\">\n\t<td class=\"column-1\"><i class=\"fal fa-wifi\"><\/i><br \/>\n<\/td><td class=\"column-2\">Kostenloses WiFi &amp; Internet<\/td><td class=\"column-3\"><i class=\"fal fa-fireplace\"><\/i><\/td><td class=\"column-4\">Holzofen<\/td>\n<\/tr>\n<tr class=\"row-3\">\n\t<td class=\"column-1\"><i class=\"fal fa-tv\"><\/i><\/td><td class=\"column-2\">Smart TV 4K<\/td><td class=\"column-3\"><i class=\"fal fa-dice\"><\/i><\/td><td class=\"column-4\">Spiele<\/td>\n<\/tr>\n<tr class=\"row-4\">\n\t<td class=\"column-1\"><img decoding=\"async\" src=\"\/wp-content\/uploads\/2021\/03\/icon-canal-digital.svg\" class=\"p-color\" \/><\/td><td class=\"column-2\">Canal Digital<\/td><td class=\"column-3\"><i class=\"fal fa-puzzle-piece\"><\/i><\/td><td class=\"column-4\">R\u00e4tzel<\/td>\n<\/tr>\n<tr class=\"row-5\">\n\t<td class=\"column-1\"><img decoding=\"async\" src=\"\/wp-content\/uploads\/2021\/02\/icon-skis.svg\" class=\"p-color\" \/><\/td><td class=\"column-2\">Skiraum mit Heizung<\/td><td class=\"column-3\"><i class=\"fal fa-sledding\"><\/i><\/td><td class=\"column-4\">Schlitten<\/td>\n<\/tr>\n<tr class=\"row-6\">\n\t<td class=\"column-1\"><i class=\"fal fa-sun\"><\/i><br \/>\n<\/td><td class=\"column-2\">Gro\u00dfer Garten  (250 m<sup>2<\/sup>) am S\u00fcden<\/td><td class=\"column-3\"><i class=\"fal fa-garage-open\"><\/i><\/td><td class=\"column-4\">Carport<\/td>\n<\/tr>\n<tr class=\"row-7\">\n\t<td class=\"column-1\"><img decoding=\"async\" src=\"\/wp-content\/uploads\/2021\/02\/icon-terras.svg\" class=\"p-color\" \/><\/td><td class=\"column-2\">\u00dcberdachte Terrasse<\/td><td class=\"column-3\"><i class=\"fal fa-charging-station\"><\/i><\/td><td class=\"column-4\">Ladestation f\u00fcr Auto<\/td>\n<\/tr>\n<tr class=\"row-8\">\n\t<td class=\"column-1\"><img decoding=\"async\" src=\"\/wp-content\/uploads\/2021\/02\/icon-balkon.svg\" class=\"p-color\" \/><\/td><td class=\"column-2\">Gro\u00dfer Balkon<\/td><td class=\"column-3\"><i class=\"fal fa-dog\"><\/i><\/td><td class=\"column-4\">Haustiere nicht erlaubt<\/td>\n<\/tr>\n<tr class=\"row-9\">\n\t<td class=\"column-1\"><\/td><td class=\"column-2\"><\/td><td class=\"column-3\"><i class=\"fal fa-smoking\"><\/i><\/td><td class=\"column-4\">Rauchen nicht erlaubt<\/td>\n<\/tr>\n<tr class=\"row-10\">\n\t<td colspan=\"4\" class=\"column-1\"><h3>K\u00fcche &amp; Haushaltn<\/h3><\/td>\n<\/tr>\n<tr class=\"row-11\">\n\t<td class=\"column-1\"><i class=\"fal fa-oven\"><\/i><br \/>\n<\/td><td class=\"column-2\">Ofen<\/td><td class=\"column-3\"><img decoding=\"async\" src=\"\/wp-content\/uploads\/2021\/02\/icon-waterkoker.svg\" class=\"p-color\" \/><\/td><td class=\"column-4\">Wasserkocher<\/td>\n<\/tr>\n<tr class=\"row-12\">\n\t<td class=\"column-1\"><img decoding=\"async\" src=\"\/wp-content\/uploads\/2021\/02\/icon-kookplaat.svg\" class=\"p-color\" \/><\/td><td class=\"column-2\">Induktions Kocher<\/td><td class=\"column-3\"><i class=\"fal fa-blanket\"><\/i><\/td><td class=\"column-4\">K\u00fcchenw\u00e4sche optional<\/td>\n<\/tr>\n<tr class=\"row-13\">\n\t<td class=\"column-1\"><i class=\"fal fa-microwave\"><\/i><\/td><td class=\"column-2\">Mikrowelle<\/td><td class=\"column-3\"><img decoding=\"async\" src=\"\/wp-content\/uploads\/2021\/02\/icon-barbecue.svg\" class=\"p-color\" \/><\/td><td class=\"column-4\">Grill<\/td>\n<\/tr>\n<tr class=\"row-14\">\n\t<td class=\"column-1\"><i class=\"fal fa-refrigerator\"><\/i><br \/>\n<\/td><td class=\"column-2\">K\u00fchlschrank<\/td><td class=\"column-3\"><i class=\"fal fa-washer\"><\/i><br \/>\n<\/td><td class=\"column-4\">Waschmaschine<\/td>\n<\/tr>\n<tr class=\"row-15\">\n\t<td class=\"column-1\"><i class=\"fal fa-refrigerator\"><\/i><\/td><td class=\"column-2\">Gefrierschrank<\/td><td class=\"column-3\"><i class=\"fal fa-dryer\"><\/i><\/td><td class=\"column-4\">Trockner<\/td>\n<\/tr>\n<tr class=\"row-16\">\n\t<td class=\"column-1\"><img decoding=\"async\" src=\"\/wp-content\/uploads\/2021\/03\/icon-vaatwasser.svg\" class=\"p-color\" \/><\/td><td class=\"column-2\">Geschirrsp\u00fcler<\/td><td class=\"column-3\"><img decoding=\"async\" src=\"\/wp-content\/uploads\/2021\/02\/icon-strijkijzer.svg\" class=\"p-color\" \/><\/td><td class=\"column-4\">Eisen<\/td>\n<\/tr>\n<tr class=\"row-17\">\n\t<td class=\"column-1\"><img decoding=\"async\" src=\"\/wp-content\/uploads\/2021\/02\/icon-kinderstoel.svg\" class=\"p-color\" \/><\/td><td class=\"column-2\">Hochstuhl<\/td><td class=\"column-3\"><img decoding=\"async\" src=\"\/wp-content\/uploads\/2021\/02\/icon-strijkplank.svg\" class=\"p-color\" \/><\/td><td class=\"column-4\">B\u00fcgelbrett<\/td>\n<\/tr>\n<tr class=\"row-18\">\n\t<td class=\"column-1\"><img decoding=\"async\" src=\"\/wp-content\/uploads\/2021\/02\/icon-nespresso.svg\" class=\"p-color\" \/><\/td><td class=\"column-2\">Nespresso-Maschine<\/td><td class=\"column-3\"><i class=\"fal fa-vacuum\"><\/i><\/td><td class=\"column-4\">Staubsauger<\/td>\n<\/tr>\n<tr class=\"row-19\">\n\t<td class=\"column-1\"><i class=\"fal fa-coffee-pot\"><\/i><\/td><td class=\"column-2\">Kaffeemaschine<\/td><td class=\"column-3\"><\/td><td class=\"column-4\"><\/td>\n<\/tr>\n<tr class=\"row-20\">\n\t<td colspan=\"4\" class=\"column-1\"><h3>Bett &amp; Bad<\/h3><\/td>\n<\/tr>\n<tr class=\"row-21\">\n\t<td class=\"column-1\"><i class=\"fal fa-bed-alt\"><\/i><\/td><td class=\"column-2\">3 Schlafzimmer<\/td><td class=\"column-3\"><i class=\"fal fa-bed-alt\"><\/i><\/td><td class=\"column-4\">Betten bei der Ankunft gemacht<\/td>\n<\/tr>\n<tr class=\"row-22\">\n\t<td class=\"column-1\"><i class=\"fal fa-bed-alt\"><\/i><\/td><td class=\"column-2\">2 Boxspringbetten f\u00fcr 2 Personen 180x200<\/td><td class=\"column-3\"><i class=\"fal fa-bath\"><\/i><\/td><td class=\"column-4\">2 Badezimmer<\/td>\n<\/tr>\n<tr class=\"row-23\">\n\t<td class=\"column-1\"><i class=\"fal fa-bed\"><\/i><\/td><td class=\"column-2\">2 Boxspringbetten 1 Person 90x200<\/td><td class=\"column-3\"><i class=\"fal fa-shower\"><\/i><\/td><td class=\"column-4\">2 Regenschauer<\/td>\n<\/tr>\n<tr class=\"row-24\">\n\t<td class=\"column-1\"><i class=\"fal fa-bed-bunk\"><\/i><\/td><td class=\"column-2\">1 Etagenbett 90x200<\/td><td class=\"column-3\"><i class=\"fal fa-toilet\"><\/i><\/td><td class=\"column-4\">3 Toiletten<\/td>\n<\/tr>\n<tr class=\"row-25\">\n\t<td class=\"column-1\"><i class=\"fal fa-baby\"><\/i><\/td><td class=\"column-2\">1 babybett<\/td><td class=\"column-3\"><i class=\"fal fa-blanket\"><\/i><\/td><td class=\"column-4\">Badw\u00e4sche  optional<\/td>\n<\/tr>\n<tr class=\"row-26\">\n\t<td class=\"column-1\"><i class=\"fal fa-hot-tub\"><\/i><\/td><td class=\"column-2\">Whirlpool<\/td><td class=\"column-3\"><\/td><td class=\"column-4\"><\/td>\n<\/tr>\n<\/tbody>\n<\/table>\n<!-- #tablepress-8 from cache -->\n\n\n\n<p>Wir freuen uns, Sie in unserer Ferienvilla in dieser wundersch\u00f6nen Gegend begr\u00fc\u00dfen zu d\u00fcrfen!<\/p>\n\n\n\n<div class=\"wp-block-buttons is-layout-flex wp-block-buttons-is-layout-flex\">\n<div class=\"wp-block-button\"><a class=\"wp-block-button__link\" href=\"https:\/\/berghaus-edelhirsch.com\/de\/buchen-sie-ihr-ferienhaus-in-kaernten\/\">Jetzt Buchen<\/a><\/div>\n<\/div>\n<\/div><\/div>\n","protected":false},"excerpt":{"rendered":"Einrichtungen der Ferien Chalet Unserer Ferienchalet ist mit allem modernen Luxus und Komfort ausgestattet. Nachfolgend finden Sie eine umfangreiche Liste. Wenn Sie Fragen haben, z\u00f6gern Sie bitte nicht, uns zu kontaktieren! Wir freuen uns, Sie in unserer Ferienvilla in dieser wundersch\u00f6nen Gegend begr\u00fc\u00dfen zu d\u00fcrfen!","protected":false},"author":2,"featured_media":0,"parent":0,"menu_order":0,"comment_status":"closed","ping_status":"open","template":"","meta":{"_seopress_robots_primary_cat":"","_seopress_titles_title":"Ausstattung in unserem Ferienhaus \u2600 Berghaus Edelhirsch","_seopress_titles_desc":"Das Ferienhaus f\u00fcr max 8 Personen ist mit allen modernen Annehmlichkeiten ausgestattet: Luxusk\u00fcche, WiFi, Smart-TV, Waschmaschine\/Trockner, beheizten Skiraum...","_seopress_robots_index":"","footnotes":""},"class_list":["post-662","page","type-page","status-publish","hentry"],"_links":{"self":[{"href":"https:\/\/berghaus-edelhirsch.com\/de\/wp-json\/wp\/v2\/pages\/662","targetHints":{"allow":["GET"]}}],"collection":[{"href":"https:\/\/berghaus-edelhirsch.com\/de\/wp-json\/wp\/v2\/pages"}],"about":[{"href":"https:\/\/berghaus-edelhirsch.com\/de\/wp-json\/wp\/v2\/types\/page"}],"author":[{"embeddable":true,"href":"https:\/\/berghaus-edelhirsch.com\/de\/wp-json\/wp\/v2\/users\/2"}],"replies":[{"embeddable":true,"href":"https:\/\/berghaus-edelhirsch.com\/de\/wp-json\/wp\/v2\/comments?post=662"}],"version-history":[{"count":4,"href":"https:\/\/berghaus-edelhirsch.com\/de\/wp-json\/wp\/v2\/pages\/662\/revisions"}],"predecessor-version":[{"id":841,"href":"https:\/\/berghaus-edelhirsch.com\/de\/wp-json\/wp\/v2\/pages\/662\/revisions\/841"}],"wp:attachment":[{"href":"https:\/\/berghaus-edelhirsch.com\/de\/wp-json\/wp\/v2\/media?parent=662"}],"curies":[{"name":"wp","href":"https:\/\/api.w.org\/{rel}","templated":true}]}}