{"id":288,"date":"2020-09-04T13:03:14","date_gmt":"2020-09-04T13:03:14","guid":{"rendered":"https:\/\/berghaus-edelhirsch.com\/privacy-beleid\/"},"modified":"2021-03-25T17:07:03","modified_gmt":"2021-03-25T16:07:03","slug":"datenschutzerklaerung","status":"publish","type":"page","link":"https:\/\/berghaus-edelhirsch.com\/de\/datenschutzerklaerung\/","title":{"rendered":"Datenschutzerkl\u00e4rung"},"content":{"rendered":"\n<h1 class=\"wp-block-heading\">Datenschutzerkl\u00e4rung<\/h1>\n\n\n\n<figure class=\"wp-block-image size-full\"><img loading=\"lazy\" decoding=\"async\" width=\"1200\" height=\"762\" itemprop=\"image\" src=\"https:\/\/berghaus-edelhirsch.com\/wp-content\/uploads\/2021\/03\/privacy-beleid-berghaus-edelhirsch.jpg\" alt=\"privacy beleid berghaus edelhirsch\" class=\"wp-image-604\" title=\"img-shadow\" srcset=\"https:\/\/berghaus-edelhirsch.com\/wp-content\/uploads\/2021\/03\/privacy-beleid-berghaus-edelhirsch.jpg 1200w, https:\/\/berghaus-edelhirsch.com\/wp-content\/uploads\/2021\/03\/privacy-beleid-berghaus-edelhirsch-300x191.jpg 300w, https:\/\/berghaus-edelhirsch.com\/wp-content\/uploads\/2021\/03\/privacy-beleid-berghaus-edelhirsch-1024x650.jpg 1024w, https:\/\/berghaus-edelhirsch.com\/wp-content\/uploads\/2021\/03\/privacy-beleid-berghaus-edelhirsch-768x488.jpg 768w\" sizes=\"auto, (max-width: 1200px) 100vw, 1200px\" \/><\/figure>\n\n\n\n<div class=\"wp-block-group subject privacy\"><div class=\"wp-block-group__inner-container is-layout-flow wp-block-group-is-layout-flow\">\n<h2 class=\"wp-block-heading\">Welche personenbezogenen Daten sammeln wir und warum<\/h2>\n\n\n\n<h3 class=\"wp-block-heading\">Reservierung und Buchung<\/h3>\n\n\n\n<p>Wenn Sie eine Reservierung bei uns anfordern und eine Buchung bezahlen, werden wir Ihre Daten f\u00fcr unsere Verwaltung aufbewahren.<\/p>\n\n\n\n<h3 class=\"wp-block-heading\">Statistiken<\/h3>\n\n\n\n<p>Wir sammeln anonyme Statistiken von unseren Besuchern, um die Website so gut wie m\u00f6glich auf eine angenehme Nutzung zuzuschneiden.<\/p>\n\n\n\n<h3 class=\"wp-block-heading\">Cookies<\/h3>\n\n\n\n<p>Unsere Website speichert tempor\u00e4re Cookies in Ihrem Browser-Cache (tempor\u00e4rer Speicher). Dies ist notwendig f\u00fcr Reservierungen und Buchungen, um Statistiken zu f\u00fchren, aber vor allem, um sicherzustellen, dass die Website so schnell wie m\u00f6glich ist. Wenn nicht jede Datei f\u00fcr jede Seite heruntergeladen wird, wird die Website viel schneller geladen. Dies ist bei fast jeder Website, die Sie besuchen, Standard.<\/p>\n<\/div><\/div>\n\n\n\n<div class=\"wp-block-group subject privacy\"><div class=\"wp-block-group__inner-container is-layout-flow wp-block-group-is-layout-flow\">\n<h2 class=\"wp-block-heading\">Mit wem teilen wir Ihre Daten<\/h2>\n\n\n\n<p>Ihre Zahlungsdaten werden bei Mollie gespeichert, einem Zahlungssystem, das die gleichen strengen Anforderungen wie Banken erf\u00fcllen muss.<\/p>\n\n\n\n<p>Besucherstatistiken werden anonym von Google (Google Analytics) erfasst.<\/p>\n<\/div><\/div>\n\n\n\n<div class=\"wp-block-group subject privacy\"><div class=\"wp-block-group__inner-container is-layout-flow wp-block-group-is-layout-flow\">\n<h2 class=\"wp-block-heading\">Wie lange speichern wir Ihre Daten<\/h2>\n\n\n\n<p>Grunds\u00e4tzlich unendlich.<\/p>\n<\/div><\/div>\n\n\n\n<div class=\"wp-block-group subject privacy\"><div class=\"wp-block-group__inner-container is-layout-flow wp-block-group-is-layout-flow\">\n<h2 class=\"wp-block-heading\">Welche Rechte haben Sie an Ihren Daten<\/h2>\n\n\n\n<p>Sie k\u00f6nnen der Speicherung Ihrer Daten widersprechen, wenn Sie Probleme haben, diese Daten nach einer Buchung aufzubewahren. Auf Ihren Wunsch werden wir es l\u00f6schen, sobald es nicht mehr erforderlich ist, es f\u00fcr rechtliche Verwaltungszwecke (f\u00fcr die Steuerbeh\u00f6rden) verf\u00fcgbar zu halten.<\/p>\n<\/div><\/div>\n\n\n\n<div class=\"wp-block-group subject privacy\"><div class=\"wp-block-group__inner-container is-layout-flow wp-block-group-is-layout-flow\">\n<h2 class=\"wp-block-heading\">Wie sichern wir Ihre Daten<\/h2>\n\n\n\n<p>Unsere Website (einschlie\u00dflich des zugrunde liegenden Hosting-Systems) ist einschlie\u00dflich des SSL-Zertifikats sehr gut gesichert und wird dauerhaft gepflegt. Das Risiko von Sicherheitslecks wird somit minimiert.<\/p>\n<\/div><\/div>\n","protected":false},"excerpt":{"rendered":"Datenschutzerkl\u00e4rung Welche personenbezogenen Daten sammeln wir und warum Reservierung und Buchung Wenn Sie eine Reservierung bei uns anfordern und eine Buchung bezahlen, werden wir Ihre Daten f\u00fcr unsere Verwaltung aufbewahren. Statistiken Wir sammeln anonyme Statistiken von unseren Besuchern, um die Website so gut wie m\u00f6glich auf eine angenehme Nutzung zuzuschneiden. Cookies Unsere Website speichert tempor\u00e4re&#8230; <a class=\"view-article\" href=\"https:\/\/berghaus-edelhirsch.com\/de\/datenschutzerklaerung\/\">\u279c Weiter lesen<\/a>","protected":false},"author":2,"featured_media":0,"parent":0,"menu_order":0,"comment_status":"closed","ping_status":"open","template":"","meta":{"_seopress_robots_primary_cat":"","_seopress_titles_title":"","_seopress_titles_desc":"","_seopress_robots_index":"","footnotes":""},"class_list":["post-288","page","type-page","status-publish","hentry"],"_links":{"self":[{"href":"https:\/\/berghaus-edelhirsch.com\/de\/wp-json\/wp\/v2\/pages\/288","targetHints":{"allow":["GET"]}}],"collection":[{"href":"https:\/\/berghaus-edelhirsch.com\/de\/wp-json\/wp\/v2\/pages"}],"about":[{"href":"https:\/\/berghaus-edelhirsch.com\/de\/wp-json\/wp\/v2\/types\/page"}],"author":[{"embeddable":true,"href":"https:\/\/berghaus-edelhirsch.com\/de\/wp-json\/wp\/v2\/users\/2"}],"replies":[{"embeddable":true,"href":"https:\/\/berghaus-edelhirsch.com\/de\/wp-json\/wp\/v2\/comments?post=288"}],"version-history":[{"count":3,"href":"https:\/\/berghaus-edelhirsch.com\/de\/wp-json\/wp\/v2\/pages\/288\/revisions"}],"predecessor-version":[{"id":736,"href":"https:\/\/berghaus-edelhirsch.com\/de\/wp-json\/wp\/v2\/pages\/288\/revisions\/736"}],"wp:attachment":[{"href":"https:\/\/berghaus-edelhirsch.com\/de\/wp-json\/wp\/v2\/media?parent=288"}],"curies":[{"name":"wp","href":"https:\/\/api.w.org\/{rel}","templated":true}]}}