{"id":282,"date":"2021-02-24T15:01:45","date_gmt":"2021-02-24T14:01:45","guid":{"rendered":"https:\/\/berghaus-edelhirsch.com\/huurvoorwaarden\/"},"modified":"2021-03-26T16:04:24","modified_gmt":"2021-03-26T15:04:24","slug":"geschaeftsbedingungen","status":"publish","type":"page","link":"https:\/\/berghaus-edelhirsch.com\/de\/geschaeftsbedingungen\/","title":{"rendered":"Gesch\u00e4ftsbedingungen"},"content":{"rendered":"\n<h1 class=\"wp-block-heading\">Gesch\u00e4ftsbedingungen<\/h1>\n\n\n\n<figure class=\"wp-block-image size-full img-shadow\"><img loading=\"lazy\" decoding=\"async\" width=\"1200\" height=\"580\" itemprop=\"image\" src=\"https:\/\/berghaus-edelhirsch.com\/wp-content\/uploads\/2021\/03\/home-zonsondergang.jpg\" alt=\"home zonsondergang\" class=\"wp-image-214\" srcset=\"https:\/\/berghaus-edelhirsch.com\/wp-content\/uploads\/2021\/03\/home-zonsondergang.jpg 1200w, https:\/\/berghaus-edelhirsch.com\/wp-content\/uploads\/2021\/03\/home-zonsondergang-300x145.jpg 300w, https:\/\/berghaus-edelhirsch.com\/wp-content\/uploads\/2021\/03\/home-zonsondergang-1024x495.jpg 1024w, https:\/\/berghaus-edelhirsch.com\/wp-content\/uploads\/2021\/03\/home-zonsondergang-768x371.jpg 768w\" sizes=\"auto, (max-width: 1200px) 100vw, 1200px\" \/><\/figure>\n\n\n\n<div class=\"wp-block-group subject voorwaarden\"><div class=\"wp-block-group__inner-container is-layout-flow wp-block-group-is-layout-flow\">\n<p>Sie m\u00f6chten hier die Gesch\u00e4ftsbedingungen f\u00fcr Mieter herunterladen.<\/p>\n\n\n\n<div class=\"wp-block-buttons is-layout-flex wp-block-buttons-is-layout-flex\">\n<div class=\"wp-block-button\"><a class=\"wp-block-button__link\" href=\"\/wp-content\/uploads\/2021\/03\/Berghaus-Edelhirsch-Allgemeine-Geschaeftsbedingungen-fuer-Mieter-v1.0.pdf\" target=\"_blank\" rel=\"noreferrer noopener\">Gesch\u00e4ftsbedingungen Berghaus Edelhirsch<\/a><\/div>\n<\/div>\n<\/div><\/div>\n","protected":false},"excerpt":{"rendered":"Gesch\u00e4ftsbedingungen Sie m\u00f6chten hier die Gesch\u00e4ftsbedingungen f\u00fcr Mieter herunterladen.","protected":false},"author":2,"featured_media":0,"parent":0,"menu_order":0,"comment_status":"closed","ping_status":"closed","template":"","meta":{"_seopress_robots_primary_cat":"","_seopress_titles_title":"","_seopress_titles_desc":"","_seopress_robots_index":"","footnotes":""},"class_list":["post-282","page","type-page","status-publish","hentry"],"_links":{"self":[{"href":"https:\/\/berghaus-edelhirsch.com\/de\/wp-json\/wp\/v2\/pages\/282","targetHints":{"allow":["GET"]}}],"collection":[{"href":"https:\/\/berghaus-edelhirsch.com\/de\/wp-json\/wp\/v2\/pages"}],"about":[{"href":"https:\/\/berghaus-edelhirsch.com\/de\/wp-json\/wp\/v2\/types\/page"}],"author":[{"embeddable":true,"href":"https:\/\/berghaus-edelhirsch.com\/de\/wp-json\/wp\/v2\/users\/2"}],"replies":[{"embeddable":true,"href":"https:\/\/berghaus-edelhirsch.com\/de\/wp-json\/wp\/v2\/comments?post=282"}],"version-history":[{"count":3,"href":"https:\/\/berghaus-edelhirsch.com\/de\/wp-json\/wp\/v2\/pages\/282\/revisions"}],"predecessor-version":[{"id":764,"href":"https:\/\/berghaus-edelhirsch.com\/de\/wp-json\/wp\/v2\/pages\/282\/revisions\/764"}],"wp:attachment":[{"href":"https:\/\/berghaus-edelhirsch.com\/de\/wp-json\/wp\/v2\/media?parent=282"}],"curies":[{"name":"wp","href":"https:\/\/api.w.org\/{rel}","templated":true}]}}